{"id":1975,"date":"2022-12-20T05:40:46","date_gmt":"2022-12-20T05:40:46","guid":{"rendered":"https:\/\/sasha-rent.com\/uslovi-koriscenja\/"},"modified":"2025-04-12T19:44:42","modified_gmt":"2025-04-12T19:44:42","slug":"uslovi-koriscenja","status":"publish","type":"page","link":"https:\/\/sasha-rent.com\/me\/uslovi-koriscenja\/","title":{"rendered":"Uslovi kori\u0161\u0107enja"},"content":{"rendered":"\t\t<div data-elementor-type=\"wp-page\" data-elementor-id=\"1975\" class=\"elementor elementor-1975 elementor-60\" data-elementor-post-type=\"page\">\n\t\t\t\t<div class=\"elementor-element elementor-element-7789a78 e-flex e-con-boxed e-con e-parent\" data-id=\"7789a78\" data-element_type=\"container\" data-settings=\"{&quot;jet_parallax_layout_list&quot;:[],&quot;background_background&quot;:&quot;classic&quot;}\">\n\t\t\t\t\t<div class=\"e-con-inner\">\n\t\t<div class=\"elementor-element elementor-element-988d479 e-con-full e-flex e-con e-child\" data-id=\"988d479\" data-element_type=\"container\" data-settings=\"{&quot;jet_parallax_layout_list&quot;:[]}\">\n\t\t\t\t<div class=\"elementor-element elementor-element-ced85c8 elementor-widget elementor-widget-heading\" data-id=\"ced85c8\" data-element_type=\"widget\" data-widget_type=\"heading.default\">\n\t\t\t\t<div class=\"elementor-widget-container\">\n\t\t\t\t\t<h1 class=\"elementor-heading-title elementor-size-default\">Pravila i uslovi kori\u0161\u0107enja<\/h1>\t\t\t\t<\/div>\n\t\t\t\t<\/div>\n\t\t\t\t<div class=\"elementor-element elementor-element-e6fa4c8 elementor-widget elementor-widget-text-editor\" data-id=\"e6fa4c8\" data-element_type=\"widget\" data-widget_type=\"text-editor.default\">\n\t\t\t\t<div class=\"elementor-widget-container\">\n\t\t\t\t\t\t\t\t\t<p>Ovi uslovi i pravila reguli\u0161u kori\u0161c\u0301enje na\u0161e veb stranice. Kori\u0161c\u0301enjem na\u0161e veb stranice, u potpunosti prihvatate ove uslove i pravila. <\/p>\t\t\t\t\t\t\t\t<\/div>\n\t\t\t\t<\/div>\n\t\t\t\t<\/div>\n\t\t\t\t\t<\/div>\n\t\t\t\t<\/div>\n\t\t<div class=\"elementor-element elementor-element-325b38e e-flex e-con-boxed e-con e-parent\" data-id=\"325b38e\" data-element_type=\"container\" data-settings=\"{&quot;background_background&quot;:&quot;classic&quot;,&quot;jet_parallax_layout_list&quot;:[]}\">\n\t\t\t\t\t<div class=\"e-con-inner\">\n\t\t\t\t<div class=\"elementor-element elementor-element-cb5a45d elementor-widget elementor-widget-heading\" data-id=\"cb5a45d\" data-element_type=\"widget\" data-widget_type=\"heading.default\">\n\t\t\t\t<div class=\"elementor-widget-container\">\n\t\t\t\t\t<h2 class=\"elementor-heading-title elementor-size-default\">Uslovi kori\u0161\u0107enja<\/h2>\t\t\t\t<\/div>\n\t\t\t\t<\/div>\n\t\t\t\t<div class=\"elementor-element elementor-element-9b2fba1 elementor-widget elementor-widget-heading\" data-id=\"9b2fba1\" data-element_type=\"widget\" data-widget_type=\"heading.default\">\n\t\t\t\t<div class=\"elementor-widget-container\">\n\t\t\t\t\t<h4 class=\"elementor-heading-title elementor-size-default\">Uvod<\/h4>\t\t\t\t<\/div>\n\t\t\t\t<\/div>\n\t\t\t\t<div class=\"elementor-element elementor-element-30f1359 elementor-widget elementor-widget-text-editor\" data-id=\"30f1359\" data-element_type=\"widget\" data-widget_type=\"text-editor.default\">\n\t\t\t\t<div class=\"elementor-widget-container\">\n\t\t\t\t\t\t\t\t\t<p>Auto u Crnoj Gori mo\u017eete iznajmiti u Budvi i Tivtu, a mo\u017eete ga iznajmiti i u bilo kom gradu u Crnoj Gori, uklju\u010dujuc\u0301i: Petrovac, Be\u010dic\u0301i, Rafailovic\u0301i, Sveti Stefan, Pr\u017eno, Bar, Kotor, Risan, Lepetane, Podgorica i dr.<\/p><p>Svi automobili su klimatizovani. Na va\u0161 zahtjev obezbijedic\u0301emo dostavu i preuzimanje vozila. Za iznajmljivanje automobila nije potreban depozit, sva vozila su kasko osigurana, morate po\u0161tovati saobrac\u0301ajna pravila u Crnoj Gori i drugim dr\u017eavama.  <\/p>\t\t\t\t\t\t\t\t<\/div>\n\t\t\t\t<\/div>\n\t\t\t\t<div class=\"elementor-element elementor-element-0da6b5d elementor-widget elementor-widget-heading\" data-id=\"0da6b5d\" data-element_type=\"widget\" data-widget_type=\"heading.default\">\n\t\t\t\t<div class=\"elementor-widget-container\">\n\t\t\t\t\t<h4 class=\"elementor-heading-title elementor-size-default\">Kako preuzeti i pogledati automobil?<\/h4>\t\t\t\t<\/div>\n\t\t\t\t<\/div>\n\t\t\t\t<div class=\"elementor-element elementor-element-1588880 elementor-widget elementor-widget-text-editor\" data-id=\"1588880\" data-element_type=\"widget\" data-widget_type=\"text-editor.default\">\n\t\t\t\t<div class=\"elementor-widget-container\">\n\t\t\t\t\t\t\t\t\t<p>Poka\u017eite paso\u0161 i voza\u010dku dozvolu menad\u017eeru. Menad\u017eer c\u0301e sa\u010dekati da iza\u0111ete sa aerodroma ili hotela sa tablom sa va\u0161im imenom i prezimenom. Pregledajte automobil; unesite komentar ako postoji. Ako \u017eelite, fotografi\u0161ite iznajmljeno vozilo. Jasno navedite sve usluge koje su vam potrebne prilikom iznajmljivanja odabranog vozila (voza\u010d, grani\u010dni prelaz&#8230;).  <\/p>\t\t\t\t\t\t\t\t<\/div>\n\t\t\t\t<\/div>\n\t\t\t\t<div class=\"elementor-element elementor-element-631df23 elementor-widget elementor-widget-heading\" data-id=\"631df23\" data-element_type=\"widget\" data-widget_type=\"heading.default\">\n\t\t\t\t<div class=\"elementor-widget-container\">\n\t\t\t\t\t<h4 class=\"elementor-heading-title elementor-size-default\">Klju\u010dne ta\u010dke koje svako ko putuje automobilom treba da zna i po\u0161tuje!<\/h4>\t\t\t\t<\/div>\n\t\t\t\t<\/div>\n\t\t\t\t<div class=\"elementor-element elementor-element-ec9ad67 elementor-widget elementor-widget-text-editor\" data-id=\"ec9ad67\" data-element_type=\"widget\" data-widget_type=\"text-editor.default\">\n\t\t\t\t<div class=\"elementor-widget-container\">\n\t\t\t\t\t\t\t\t\t<ul><li>Ograni\u010denje brzine u naseljenom mjestu je 50 km\/h, van naseljenog mjesta je 80 km\/h. Brzina prekora\u010denja kazne je izme\u0111u 50 i 2000 eura. <\/li><li>U zavisnosti od toga koliko je brzina prekora\u010dena.<\/li><li>Bilo da je dan ili noc\u0301, treba da dr\u017eite svijetla upaljena. Kazna za ovaj prekr\u0161aj je od 30 do 80 eura. <\/li><li>Dozvoljeni sadr\u017eaj alkohola u krvi je 0,2 ppm, \u0161to je jednako nekoliko gutljaja vina ili piva.<\/li><li>U alkoholisanom stanju, voza\u010d je du\u017ean da plati kaznu od 70-2000 eura ili \u010dak 60 dana zatvora.<\/li><li>Djeca mla\u0111a od 5 godina moraju se prevoziti u dje\u010dijim sedi\u0161tima (sjedi\u0161ta za bebe).<\/li><li>Djeca mla\u0111a od 12 godina ne smiju da se voze na prednjim sjedi\u0161tima.<\/li><li>Voza\u010d i svi putnici moraju da ve\u017eu pojaseve. Ina\u010de, kazne za kr\u0161enje pravila su od 40 do 100 eura. <\/li><\/ul>\t\t\t\t\t\t\t\t<\/div>\n\t\t\t\t<\/div>\n\t\t\t\t<div class=\"elementor-element elementor-element-634d84b elementor-widget elementor-widget-heading\" data-id=\"634d84b\" data-element_type=\"widget\" data-widget_type=\"heading.default\">\n\t\t\t\t<div class=\"elementor-widget-container\">\n\t\t\t\t\t<h4 class=\"elementor-heading-title elementor-size-default\">Napomena<\/h4>\t\t\t\t<\/div>\n\t\t\t\t<\/div>\n\t\t\t\t<div class=\"elementor-element elementor-element-7fa1c78 elementor-widget elementor-widget-text-editor\" data-id=\"7fa1c78\" data-element_type=\"widget\" data-widget_type=\"text-editor.default\">\n\t\t\t\t<div class=\"elementor-widget-container\">\n\t\t\t\t\t\t\t\t\t<p>U slu\u010daju nepo\u0161tovanja propisanih saobrac\u0301ajnih pravila i konzumiranja alkohola u toku vo\u017enje, du\u017eni ste da platite odgovarajuc\u0301u kaznu propisanu zakonom, a u slu\u010daju o\u0161tec\u0301enja na vozilu morate snositi odgovarajuc\u0301e tro\u0161kove.<\/p>\t\t\t\t\t\t\t\t<\/div>\n\t\t\t\t<\/div>\n\t\t\t\t<div class=\"elementor-element elementor-element-d9b7144 elementor-widget elementor-widget-heading\" data-id=\"d9b7144\" data-element_type=\"widget\" data-widget_type=\"heading.default\">\n\t\t\t\t<div class=\"elementor-widget-container\">\n\t\t\t\t\t<h4 class=\"elementor-heading-title elementor-size-default\">Op\u0161te odredbe<\/h4>\t\t\t\t<\/div>\n\t\t\t\t<\/div>\n\t\t\t\t<div class=\"elementor-element elementor-element-495a361 elementor-widget elementor-widget-text-editor\" data-id=\"495a361\" data-element_type=\"widget\" data-widget_type=\"text-editor.default\">\n\t\t\t\t<div class=\"elementor-widget-container\">\n\t\t\t\t\t\t\t\t\t<div class=\"span6 ba-grid-column-wrapper\" data-span=\"6\"><div id=\"item-15415219211\" class=\"ba-grid-column\"><div id=\"item-15415217861690\" class=\"ba-item-text ba-item\"><div class=\"content-text\"><ul><li>Minimalna du\u017eina najma je 24 h,<\/li><li>Gorivo nije ura\u010dunato u cijenu i korisnik je du\u017ean da vrati postojec\u0301i status goriva,<\/li><li>Da biste produ\u017eili vrijeme iznajmljivanja preko dogovorenog roka, kontaktirajte nas,<\/li><li>Voza\u010di moraju imati va\u017eec\u0301u voza\u010dku dozvolu najmanje dvije godine, paso\u0161 ili li\u010dnu kartu i moraju biti stariji od 21 godine,<\/li><li>Parking i saobrac\u0301ajne kazne su odgovornost klijenata,<\/li><li>Iznajmljenim vozilom mo\u017ee upravljati samo lice koje je potpisalo ugovor,<\/li><li>Prelazak granice je moguc\u0301 uz dozvolu agenta,<\/li><li>Za gubitak dokumenata i klju\u010deva naplac\u0301ujemo naknadu od 500 eura,<\/li><li>Vehicles are picked up washed and cleaned, and they must be returned in the same condition. Otherwise, 10 euros cleaning fee will be charged. <\/li><\/ul><\/div><\/div><\/div><\/div>\t\t\t\t\t\t\t\t<\/div>\n\t\t\t\t<\/div>\n\t\t\t\t<div class=\"elementor-element elementor-element-d0f82c8 elementor-widget elementor-widget-heading\" data-id=\"d0f82c8\" data-element_type=\"widget\" data-widget_type=\"heading.default\">\n\t\t\t\t<div class=\"elementor-widget-container\">\n\t\t\t\t\t<h4 class=\"elementor-heading-title elementor-size-default\">Uslovi pla\u0107anja<\/h4>\t\t\t\t<\/div>\n\t\t\t\t<\/div>\n\t\t\t\t<div class=\"elementor-element elementor-element-6cb57bb elementor-widget elementor-widget-text-editor\" data-id=\"6cb57bb\" data-element_type=\"widget\" data-widget_type=\"text-editor.default\">\n\t\t\t\t<div class=\"elementor-widget-container\">\n\t\t\t\t\t\t\t\t\t<div class=\"span6 ba-grid-column-wrapper\" data-span=\"6\"><div id=\"item-15415219211\" class=\"ba-grid-column\"><div id=\"item-15415217861690\" class=\"ba-item-text ba-item\"><div class=\"content-text\"><ul><li>Da bismo potvrdili va\u0161u rezervaciju, neophodno je platiti<strong> naknadu za rezervaciju (avans) u fiksnom iznosu od 100 \u20ac<\/strong>. Ova naknada garantuje da c\u0301e vozilo biti spremno za vas i u potpunosti se oduzima od ukupne cijene iznajmljivanja. Preostali iznos se plac\u0301a pri preuzimanju vozila. Jednostavno, bezbjedno i bez stresa.   <\/li><li>Platna kartica c\u0301e biti zadu\u017eena u valuti prikazanoj na ponudi \u2013 izdatom ra\u010dunu.<\/li><li>U slu\u010daju da sa kreditne kartice ne mo\u017ee biti naplac\u0301en iznos, zadr\u017eavamo pravo da otka\u017eemo va\u0161u rezervaciju.<\/li><li>PDV je uklju\u010den u cijenu,<\/li><li>Dugoro\u010dni zakup mogu\u0107 po posebnim cijenama.<\/li><li>Prilikom rezervacije vozila putem sajta, plac\u0301anje se mo\u017ee izvr\u0161iti sledec\u0301im kreditnim karticama:<\/li><\/ul><\/div><\/div><\/div><\/div>\t\t\t\t\t\t\t\t<\/div>\n\t\t\t\t<\/div>\n\t\t<div class=\"elementor-element elementor-element-5dab14f e-con-full e-flex e-con e-child\" data-id=\"5dab14f\" data-element_type=\"container\" data-settings=\"{&quot;jet_parallax_layout_list&quot;:[]}\">\n\t\t\t\t<div class=\"elementor-element elementor-element-2eb2878 elementor-widget elementor-widget-image\" data-id=\"2eb2878\" data-element_type=\"widget\" data-widget_type=\"image.default\">\n\t\t\t\t<div class=\"elementor-widget-container\">\n\t\t\t\t\t\t\t\t\t\t\t\t\t\t\t<img decoding=\"async\" width=\"250\" height=\"194\" src=\"https:\/\/sasha-rent.com\/wp-content\/uploads\/visa-1.webp\" class=\"attachment-large size-large wp-image-1730\" alt=\"\" \/>\t\t\t\t\t\t\t\t\t\t\t\t\t\t\t<\/div>\n\t\t\t\t<\/div>\n\t\t\t\t<div class=\"elementor-element elementor-element-698e361 elementor-widget elementor-widget-image\" data-id=\"698e361\" data-element_type=\"widget\" data-widget_type=\"image.default\">\n\t\t\t\t<div class=\"elementor-widget-container\">\n\t\t\t\t\t\t\t\t\t\t\t\t\t\t\t<img decoding=\"async\" width=\"250\" height=\"194\" src=\"https:\/\/sasha-rent.com\/wp-content\/uploads\/mastercard-1.webp\" class=\"attachment-large size-large wp-image-1732\" alt=\"\" \/>\t\t\t\t\t\t\t\t\t\t\t\t\t\t\t<\/div>\n\t\t\t\t<\/div>\n\t\t\t\t<div class=\"elementor-element elementor-element-f701868 elementor-widget elementor-widget-image\" data-id=\"f701868\" data-element_type=\"widget\" data-widget_type=\"image.default\">\n\t\t\t\t<div class=\"elementor-widget-container\">\n\t\t\t\t\t\t\t\t\t\t\t\t\t\t\t<img decoding=\"async\" width=\"250\" height=\"194\" src=\"https:\/\/sasha-rent.com\/wp-content\/uploads\/maestro-1.webp\" class=\"attachment-large size-large wp-image-1734\" alt=\"\" \/>\t\t\t\t\t\t\t\t\t\t\t\t\t\t\t<\/div>\n\t\t\t\t<\/div>\n\t\t\t\t<\/div>\n\t\t\t\t<div class=\"elementor-element elementor-element-ba7eaf2 elementor-widget elementor-widget-heading\" data-id=\"ba7eaf2\" data-element_type=\"widget\" data-widget_type=\"heading.default\">\n\t\t\t\t<div class=\"elementor-widget-container\">\n\t\t\t\t\t<h4 class=\"elementor-heading-title elementor-size-default\">Bezbjednost pla\u0107anja<\/h4>\t\t\t\t<\/div>\n\t\t\t\t<\/div>\n\t\t\t\t<div class=\"elementor-element elementor-element-0382ee2 elementor-widget elementor-widget-text-editor\" data-id=\"0382ee2\" data-element_type=\"widget\" data-widget_type=\"text-editor.default\">\n\t\t\t\t<div class=\"elementor-widget-container\">\n\t\t\t\t\t\t\t\t\t<div class=\"span6 ba-grid-column-wrapper\" data-span=\"6\"><div id=\"item-15415219211\" class=\"ba-grid-column\"><div id=\"item-15415217861690\" class=\"ba-item-text ba-item\"><div class=\"content-text\"><p><span data-v-0256efb0=\"\">U skladu sa standardima bezbjednosti podataka industrije platnih kartica (\u201ePCI DSS\u201c), trgovcima je dozvoljeno da primaju, \u010duvaju i prosle\u0111uju osjetljive podatke o karticama samo ako su vlasnici sertifikata o uskla\u0111enosti sa propisanim standardima. PCI DSS je skup pravila i smjernica definisanih od strane globalnog PCI DSS savjeta, koji se sastoji od svih relevantnih karti\u010dnih organizacija. <\/span><\/p><p data-v-0256efb0=\"\">Va\u0161i li\u010dni podaci, kao i podaci o va\u0161oj platnoj kartici, u potpunosti su za\u0161tic\u0301eni. Prenos podataka se odvija na za\u0161tic\u0301enom serveru. <\/p><\/div><\/div><\/div><\/div>\t\t\t\t\t\t\t\t<\/div>\n\t\t\t\t<\/div>\n\t\t<div class=\"elementor-element elementor-element-62cb335 e-con-full e-flex e-con e-child\" data-id=\"62cb335\" data-element_type=\"container\" data-settings=\"{&quot;jet_parallax_layout_list&quot;:[]}\">\n\t\t\t\t<div class=\"elementor-element elementor-element-dbbd18b elementor-widget elementor-widget-image\" data-id=\"dbbd18b\" data-element_type=\"widget\" data-widget_type=\"image.default\">\n\t\t\t\t<div class=\"elementor-widget-container\">\n\t\t\t\t\t\t\t\t\t\t\t\t\t\t\t<img loading=\"lazy\" decoding=\"async\" width=\"250\" height=\"194\" src=\"https:\/\/sasha-rent.com\/wp-content\/uploads\/visasecure.webp\" class=\"attachment-large size-large wp-image-1738\" alt=\"\" \/>\t\t\t\t\t\t\t\t\t\t\t\t\t\t\t<\/div>\n\t\t\t\t<\/div>\n\t\t\t\t<div class=\"elementor-element elementor-element-9ef6ccd elementor-widget elementor-widget-image\" data-id=\"9ef6ccd\" data-element_type=\"widget\" data-widget_type=\"image.default\">\n\t\t\t\t<div class=\"elementor-widget-container\">\n\t\t\t\t\t\t\t\t\t\t\t\t\t\t\t<img loading=\"lazy\" decoding=\"async\" width=\"250\" height=\"194\" src=\"https:\/\/sasha-rent.com\/wp-content\/uploads\/mastercard-id.webp\" class=\"attachment-large size-large wp-image-1736\" alt=\"\" \/>\t\t\t\t\t\t\t\t\t\t\t\t\t\t\t<\/div>\n\t\t\t\t<\/div>\n\t\t\t\t<\/div>\n\t\t\t\t<div class=\"elementor-element elementor-element-badf14b elementor-widget elementor-widget-heading\" data-id=\"badf14b\" data-element_type=\"widget\" data-widget_type=\"heading.default\">\n\t\t\t\t<div class=\"elementor-widget-container\">\n\t\t\t\t\t<h4 class=\"elementor-heading-title elementor-size-default\">Politika otkazivanja i povrata novca<\/h4>\t\t\t\t<\/div>\n\t\t\t\t<\/div>\n\t\t\t\t<div class=\"elementor-element elementor-element-93ddb71 elementor-widget elementor-widget-text-editor\" data-id=\"93ddb71\" data-element_type=\"widget\" data-widget_type=\"text-editor.default\">\n\t\t\t\t<div class=\"elementor-widget-container\">\n\t\t\t\t\t\t\t\t\t<div class=\"span6 ba-grid-column-wrapper\" data-span=\"6\"><p>Tokom procesa rezervacije, sa va\u0161e kreditne kartice se naplac\u0301uje <strong>naknada za rezervaciju u iznosu od 100 \u20ac<\/strong>. Ova naknada za rezervaciju je nepovratna. <\/p><\/div>\t\t\t\t\t\t\t\t<\/div>\n\t\t\t\t<\/div>\n\t\t\t\t<div class=\"elementor-element elementor-element-3f1620c elementor-widget elementor-widget-heading\" data-id=\"3f1620c\" data-element_type=\"widget\" data-widget_type=\"heading.default\">\n\t\t\t\t<div class=\"elementor-widget-container\">\n\t\t\t\t\t<h2 class=\"elementor-heading-title elementor-size-default\">Podaci o kompaniji<\/h2>\t\t\t\t<\/div>\n\t\t\t\t<\/div>\n\t\t\t\t<div class=\"elementor-element elementor-element-f77092b elementor-widget elementor-widget-text-editor\" data-id=\"f77092b\" data-element_type=\"widget\" data-widget_type=\"text-editor.default\">\n\t\t\t\t<div class=\"elementor-widget-container\">\n\t\t\t\t\t\t\t\t\t<p>RENT A CAR SASHA<br>Adresa: Babilonija 99, Budva, Crna Gora<br>PIB: 03043266<br>\u017diro ra\u010dun: 530-23631-27<br>Email: <a href=\"mailto:info@sasha-rent.com\">info@sasha-rent.com<\/a>, <br>Tel: <a href=\"tel:+38269977070\">+382 69 97 70 70<\/a>.<\/p>\t\t\t\t\t\t\t\t<\/div>\n\t\t\t\t<\/div>\n\t\t\t\t<div class=\"elementor-element elementor-element-3f79af2 elementor-widget elementor-widget-heading\" data-id=\"3f79af2\" data-element_type=\"widget\" data-widget_type=\"heading.default\">\n\t\t\t\t<div class=\"elementor-widget-container\">\n\t\t\t\t\t<h2 class=\"elementor-heading-title elementor-size-default\">Politika privatnosti<\/h2>\t\t\t\t<\/div>\n\t\t\t\t<\/div>\n\t\t\t\t<div class=\"elementor-element elementor-element-97b6563 elementor-widget elementor-widget-text-editor\" data-id=\"97b6563\" data-element_type=\"widget\" data-widget_type=\"text-editor.default\">\n\t\t\t\t<div class=\"elementor-widget-container\">\n\t\t\t\t\t\t\t\t\t<p>Ozbiljno shvatamo va\u0161u privatnost i preduzec\u0301emo sve mjere da za\u0161titimo va\u0161e li\u010dne podatke. Svi primljeni li\u010dni podaci c\u0301e se koristiti samo za popunjavanje va\u0161e porud\u017ebine. Nec\u0301emo nikome prodavati ili redistribuirati va\u0161e podatke.  <\/p>\t\t\t\t\t\t\t\t<\/div>\n\t\t\t\t<\/div>\n\t\t\t\t<div class=\"elementor-element elementor-element-df72947 elementor-widget elementor-widget-heading\" data-id=\"df72947\" data-element_type=\"widget\" data-widget_type=\"heading.default\">\n\t\t\t\t<div class=\"elementor-widget-container\">\n\t\t\t\t\t<h4 class=\"elementor-heading-title elementor-size-default\">Mjerodavno pravo<\/h4>\t\t\t\t<\/div>\n\t\t\t\t<\/div>\n\t\t\t\t<div class=\"elementor-element elementor-element-1e346af elementor-widget elementor-widget-text-editor\" data-id=\"1e346af\" data-element_type=\"widget\" data-widget_type=\"text-editor.default\">\n\t\t\t\t<div class=\"elementor-widget-container\">\n\t\t\t\t\t\t\t\t\t<p>Ovi uslovi c\u0301e biti regulisani i tuma\u010deni u skladu sa zakonima Crne Gore, a svi sporovi u vezi sa ovim uslovima bic\u0301e u isklju\u010divoj nadle\u017enosti sudova Crne Gore.<\/p>\t\t\t\t\t\t\t\t<\/div>\n\t\t\t\t<\/div>\n\t\t\t\t<div class=\"elementor-element elementor-element-22a8f30 elementor-widget elementor-widget-heading\" data-id=\"22a8f30\" data-element_type=\"widget\" data-widget_type=\"heading.default\">\n\t\t\t\t<div class=\"elementor-widget-container\">\n\t\t\t\t\t<h4 class=\"elementor-heading-title elementor-size-default\">Kontaktirajte nas<\/h4>\t\t\t\t<\/div>\n\t\t\t\t<\/div>\n\t\t\t\t<div class=\"elementor-element elementor-element-4e20301 elementor-widget elementor-widget-text-editor\" data-id=\"4e20301\" data-element_type=\"widget\" data-widget_type=\"text-editor.default\">\n\t\t\t\t<div class=\"elementor-widget-container\">\n\t\t\t\t\t\t\t\t\t<p>Ukoliko imate pitanja u vezi sa ovim uslovima, kontaktirajte nas putem e-po\u0161te na <a href=\"mailto:info@sasha-rent.com\">info@sasha-rent.com<\/a> ili putem telefona na <a href=\"tel:+38269977070\">+382 69 97 70 70<\/a>.<\/p>\t\t\t\t\t\t\t\t<\/div>\n\t\t\t\t<\/div>\n\t\t\t\t\t<\/div>\n\t\t\t\t<\/div>\n\t\t\t\t<\/div>\n\t\t","protected":false},"excerpt":{"rendered":"<p>Pravila i uslovi kori\u0161\u0107enja Ovi uslovi i pravila reguli\u0161u kori\u0161c\u0301enje na\u0161e veb stranice. Kori\u0161c\u0301enjem na\u0161e veb stranice, u potpunosti prihvatate ove uslove i pravila. Uslovi kori\u0161\u0107enja Uvod Auto u Crnoj Gori mo\u017eete iznajmiti u Budvi i Tivtu, a mo\u017eete ga iznajmiti i u bilo kom gradu u Crnoj Gori, uklju\u010dujuc\u0301i: Petrovac, Be\u010dic\u0301i, Rafailovic\u0301i, Sveti Stefan, [&hellip;]<\/p>\n","protected":false},"author":1,"featured_media":0,"parent":0,"menu_order":0,"comment_status":"closed","ping_status":"closed","template":"","meta":{"_seopress_robots_primary_cat":"","_seopress_titles_title":"Rental Terms and Conditions - Sasha Rent a Car","_seopress_titles_desc":"Saznajte vi\u0161e o uslovima iznajmljivanja vozila. Pro\u010ditajte na\u0161a pravila i uslove kori\u0161\u0107enja prije rezervacije. ","_seopress_robots_index":"","footnotes":""},"class_list":["post-1975","page","type-page","status-publish","hentry"],"_links":{"self":[{"href":"https:\/\/sasha-rent.com\/me\/wp-json\/wp\/v2\/pages\/1975","targetHints":{"allow":["GET"]}}],"collection":[{"href":"https:\/\/sasha-rent.com\/me\/wp-json\/wp\/v2\/pages"}],"about":[{"href":"https:\/\/sasha-rent.com\/me\/wp-json\/wp\/v2\/types\/page"}],"author":[{"embeddable":true,"href":"https:\/\/sasha-rent.com\/me\/wp-json\/wp\/v2\/users\/1"}],"replies":[{"embeddable":true,"href":"https:\/\/sasha-rent.com\/me\/wp-json\/wp\/v2\/comments?post=1975"}],"version-history":[{"count":3,"href":"https:\/\/sasha-rent.com\/me\/wp-json\/wp\/v2\/pages\/1975\/revisions"}],"predecessor-version":[{"id":2038,"href":"https:\/\/sasha-rent.com\/me\/wp-json\/wp\/v2\/pages\/1975\/revisions\/2038"}],"wp:attachment":[{"href":"https:\/\/sasha-rent.com\/me\/wp-json\/wp\/v2\/media?parent=1975"}],"curies":[{"name":"wp","href":"https:\/\/api.w.org\/{rel}","templated":true}]}}